{"id":9758,"date":"2019-03-20T11:33:15","date_gmt":"2019-03-20T10:33:15","guid":{"rendered":"https:\/\/www.journal.topaze.com\/infirmiere\/?page_id=9758"},"modified":"2025-03-27T10:58:42","modified_gmt":"2025-03-27T09:58:42","slug":"contacts-1","status":"publish","type":"page","link":"https:\/\/www.journal.topaze.com\/infirmiere\/contacts-1\/","title":{"rendered":"Contacts"},"content":{"rendered":"\t\t<div data-elementor-type=\"wp-post\" data-elementor-id=\"9758\" class=\"elementor elementor-9758\" data-elementor-settings=\"[]\">\n\t\t\t<div class=\"elementor-inner\">\n\t\t\t\t<div class=\"elementor-section-wrap\">\n\t\t\t\t\t\t\t<section class=\"elementor-element elementor-element-af739cb elementor-section-boxed elementor-section-height-default elementor-section-height-default elementor-section elementor-top-section\" data-id=\"af739cb\" data-element_type=\"section\">\n\t\t\t\t\t\t<div class=\"elementor-container elementor-column-gap-default\">\n\t\t\t\t<div class=\"elementor-row\">\n\t\t\t\t<div class=\"elementor-element elementor-element-2043556 elementor-column elementor-col-100 elementor-top-column\" data-id=\"2043556\" data-element_type=\"column\">\n\t\t\t<div class=\"elementor-column-wrap  elementor-element-populated\">\n\t\t\t\t\t<div class=\"elementor-widget-wrap\">\n\t\t\t\t<div class=\"elementor-element elementor-element-b2b90f0 elementor-widget elementor-widget-image\" data-id=\"b2b90f0\" data-element_type=\"widget\" data-widget_type=\"image.default\">\n\t\t\t\t<div class=\"elementor-widget-container\">\n\t\t\t\t\t<div class=\"elementor-image\">\n\t\t\t\t\t\t\t\t\t\t<img loading=\"lazy\" decoding=\"async\" width=\"1024\" height=\"214\" src=\"https:\/\/www.journal.topaze.com\/infirmiere\/wp-content\/uploads\/sites\/9\/2019\/03\/bandeau_contact-1-1024x214.jpg\" class=\"attachment-large size-large\" alt=\"\" srcset=\"https:\/\/www.journal.topaze.com\/infirmiere\/wp-content\/uploads\/sites\/9\/2019\/03\/bandeau_contact-1-1024x214.jpg 1024w, https:\/\/www.journal.topaze.com\/infirmiere\/wp-content\/uploads\/sites\/9\/2019\/03\/bandeau_contact-1-300x63.jpg 300w, https:\/\/www.journal.topaze.com\/infirmiere\/wp-content\/uploads\/sites\/9\/2019\/03\/bandeau_contact-1-768x161.jpg 768w, https:\/\/www.journal.topaze.com\/infirmiere\/wp-content\/uploads\/sites\/9\/2019\/03\/bandeau_contact-1.jpg 1928w\" sizes=\"auto, (max-width: 1024px) 100vw, 1024px\" \/>\t\t\t\t\t\t\t\t\t\t\t<\/div>\n\t\t\t\t<\/div>\n\t\t\t\t<\/div>\n\t\t\t\t\t\t<\/div>\n\t\t\t<\/div>\n\t\t<\/div>\n\t\t\t\t\t\t<\/div>\n\t\t\t<\/div>\n\t\t<\/section>\n\t\t\t\t<section class=\"elementor-element elementor-element-52cb1fb elementor-section-boxed elementor-section-height-default elementor-section-height-default elementor-section elementor-top-section\" data-id=\"52cb1fb\" data-element_type=\"section\">\n\t\t\t\t\t\t<div class=\"elementor-container elementor-column-gap-narrow\">\n\t\t\t\t<div class=\"elementor-row\">\n\t\t\t\t<div class=\"elementor-element elementor-element-a83d16b elementor-column elementor-col-25 elementor-top-column\" data-id=\"a83d16b\" data-element_type=\"column\">\n\t\t\t<div class=\"elementor-column-wrap  elementor-element-populated\">\n\t\t\t\t\t<div class=\"elementor-widget-wrap\">\n\t\t\t\t<div class=\"elementor-element elementor-element-6ed3c6a elementor-vertical-align-middle elementor-view-default elementor-position-top elementor-widget elementor-widget-icon-box\" data-id=\"6ed3c6a\" data-element_type=\"widget\" data-widget_type=\"icon-box.default\">\n\t\t\t\t<div class=\"elementor-widget-container\">\n\t\t\t\t\t<div class=\"elementor-icon-box-wrapper\">\n\t\t\t\t\t\t<div class=\"elementor-icon-box-icon\">\n\t\t\t\t<span class=\"elementor-icon elementor-animation-\" >\n\t\t\t\t<i class=\"fa fa-archive\" aria-hidden=\"true\"><\/i>\t\t\t\t<\/span>\n\t\t\t<\/div>\n\t\t\t\t\t\t<div class=\"elementor-icon-box-content\">\n\t\t\t\t<h5 class=\"elementor-icon-box-title\">\n\t\t\t\t\t<span >Des renseignements sur votre contrat, votre facture, un SAV lecteur :<\/span>\n\t\t\t\t<\/h5>\n\t\t\t\t\t\t\t\t<p class=\"elementor-icon-box-description\"><div style=\"color: #76b72f; font-size:20px;\"> 04 92 914 <span style=\" font-size:25px;\"><b>917<\/b><\/span><\/div>\n-<br\/>\n<a href=\"mailto:administratif@topaze.com\">administratif@topaze.com<\/a><\/p>\n\t\t\t\t\t\t\t<\/div>\n\t\t<\/div>\n\t\t\t\t<\/div>\n\t\t\t\t<\/div>\n\t\t\t\t\t\t<\/div>\n\t\t\t<\/div>\n\t\t<\/div>\n\t\t\t\t<div class=\"elementor-element elementor-element-4bcc66a elementor-column elementor-col-25 elementor-top-column\" data-id=\"4bcc66a\" data-element_type=\"column\">\n\t\t\t<div class=\"elementor-column-wrap  elementor-element-populated\">\n\t\t\t\t\t<div class=\"elementor-widget-wrap\">\n\t\t\t\t<div class=\"elementor-element elementor-element-e9ca9fe elementor-view-default elementor-position-top elementor-vertical-align-top elementor-widget elementor-widget-icon-box\" data-id=\"e9ca9fe\" data-element_type=\"widget\" data-widget_type=\"icon-box.default\">\n\t\t\t\t<div class=\"elementor-widget-container\">\n\t\t\t\t\t<div class=\"elementor-icon-box-wrapper\">\n\t\t\t\t\t\t<div class=\"elementor-icon-box-icon\">\n\t\t\t\t<span class=\"elementor-icon elementor-animation-\" >\n\t\t\t\t<i class=\"fa fa-commenting\" aria-hidden=\"true\"><\/i>\t\t\t\t<\/span>\n\t\t\t<\/div>\n\t\t\t\t\t\t<div class=\"elementor-icon-box-content\">\n\t\t\t\t<h5 class=\"elementor-icon-box-title\">\n\t\t\t\t\t<span >Des renseignements sur la formation, prendre un rendez-vous : <\/span>\n\t\t\t\t<\/h5>\n\t\t\t\t\t\t\t\t<p class=\"elementor-icon-box-description\"><div style=\"color: #76b72f; font-size:20px;\"> 04 92 914 <span style=\" font-size:25px;\"><b>914<\/b><\/span><\/div>\n-<br\/>\n<div style=\"color:#32b1b6;\">uniquement par t\u00e9l\u00e9phone<\/div><\/p>\n\t\t\t\t\t\t\t<\/div>\n\t\t<\/div>\n\t\t\t\t<\/div>\n\t\t\t\t<\/div>\n\t\t\t\t\t\t<\/div>\n\t\t\t<\/div>\n\t\t<\/div>\n\t\t\t\t<div class=\"elementor-element elementor-element-5ca0377 elementor-column elementor-col-25 elementor-top-column\" data-id=\"5ca0377\" data-element_type=\"column\">\n\t\t\t<div class=\"elementor-column-wrap  elementor-element-populated\">\n\t\t\t\t\t<div class=\"elementor-widget-wrap\">\n\t\t\t\t<div class=\"elementor-element elementor-element-0d9250f elementor-view-default elementor-position-top elementor-vertical-align-top elementor-widget elementor-widget-icon-box\" data-id=\"0d9250f\" data-element_type=\"widget\" data-widget_type=\"icon-box.default\">\n\t\t\t\t<div class=\"elementor-widget-container\">\n\t\t\t\t\t<div class=\"elementor-icon-box-wrapper\">\n\t\t\t\t\t\t<div class=\"elementor-icon-box-icon\">\n\t\t\t\t<span class=\"elementor-icon elementor-animation-\" >\n\t\t\t\t<i class=\"fa fa-laptop\" aria-hidden=\"true\"><\/i>\t\t\t\t<\/span>\n\t\t\t<\/div>\n\t\t\t\t\t\t<div class=\"elementor-icon-box-content\">\n\t\t\t\t<h5 class=\"elementor-icon-box-title\">\n\t\t\t\t\t<span >Des renseignements pour faire \u00e9voluer votre logiciel ou votre mat\u00e9riel:<\/span>\n\t\t\t\t<\/h5>\n\t\t\t\t\t\t\t\t<p class=\"elementor-icon-box-description\"><div style=\"color: #76b72f; font-size:20px;\"> 04 92 914 <span style=\" font-size:25px;\"><b>921<\/b><\/span><\/div>\n-<br\/>\n<a href=\"mailto:conseil@topaze.com\">conseil@topaze.com<\/a><\/p>\n\t\t\t\t\t\t\t<\/div>\n\t\t<\/div>\n\t\t\t\t<\/div>\n\t\t\t\t<\/div>\n\t\t\t\t\t\t<\/div>\n\t\t\t<\/div>\n\t\t<\/div>\n\t\t\t\t<div class=\"elementor-element elementor-element-d4ab938 elementor-column elementor-col-25 elementor-top-column\" data-id=\"d4ab938\" data-element_type=\"column\">\n\t\t\t<div class=\"elementor-column-wrap  elementor-element-populated\">\n\t\t\t\t\t<div class=\"elementor-widget-wrap\">\n\t\t\t\t<div class=\"elementor-element elementor-element-b59e883 elementor-view-default elementor-position-top elementor-vertical-align-top elementor-widget elementor-widget-icon-box\" data-id=\"b59e883\" data-element_type=\"widget\" data-widget_type=\"icon-box.default\">\n\t\t\t\t<div class=\"elementor-widget-container\">\n\t\t\t\t\t<div class=\"elementor-icon-box-wrapper\">\n\t\t\t\t\t\t<div class=\"elementor-icon-box-icon\">\n\t\t\t\t<span class=\"elementor-icon elementor-animation-\" >\n\t\t\t\t<i class=\"fa fa-wrench\" aria-hidden=\"true\"><\/i>\t\t\t\t<\/span>\n\t\t\t<\/div>\n\t\t\t\t\t\t<div class=\"elementor-icon-box-content\">\n\t\t\t\t<h5 class=\"elementor-icon-box-title\">\n\t\t\t\t\t<span >Des questions concernant votre logiciel, une demande technique :<\/span>\n\t\t\t\t<\/h5>\n\t\t\t\t\t\t\t\t<p class=\"elementor-icon-box-description\"><div style=\"color: #76b72f; font-size:20px;\"> 04 92 914 <span style=\" font-size:25px;\"><b>924<\/b><\/span><\/div>\n-<br\/>\n<a href=\"https:\/\/www.topaze.com\/contact-support-technique-maestro\/\">Envoyer un message<\/a><\/p>\n\t\t\t\t\t\t\t<\/div>\n\t\t<\/div>\n\t\t\t\t<\/div>\n\t\t\t\t<\/div>\n\t\t\t\t\t\t<\/div>\n\t\t\t<\/div>\n\t\t<\/div>\n\t\t\t\t\t\t<\/div>\n\t\t\t<\/div>\n\t\t<\/section>\n\t\t\t\t\t\t<\/div>\n\t\t\t<\/div>\n\t\t<\/div>\n\t\t","protected":false},"excerpt":{"rendered":"<p>Des renseignements sur votre contrat, votre facture, un SAV lecteur : 04 92 914 917 &#8211; administratif@topaze.com Des renseignements sur la formation, prendre un rendez-vous : 04 92 914 914 &#8211; uniquement par t\u00e9l\u00e9phone Des renseignements pour faire \u00e9voluer votre logiciel ou votre mat\u00e9riel: 04 92 914 914 &#8211; conseil@topaze.com Des questions concernant votre logiciel, [&hellip;]<\/p>\n","protected":false},"author":9,"featured_media":0,"parent":0,"menu_order":0,"comment_status":"closed","ping_status":"closed","template":"","meta":{"_exactmetrics_skip_tracking":false,"_exactmetrics_sitenote_active":false,"_exactmetrics_sitenote_note":"","_exactmetrics_sitenote_category":0,"footnotes":""},"class_list":["post-9758","page","type-page","status-publish","hentry"],"yoast_head":"<!-- This site is optimized with the Yoast SEO plugin v24.1 - https:\/\/yoast.com\/wordpress\/plugins\/seo\/ -->\n<title>Contacts - Infirmiere<\/title>\n<meta name=\"robots\" content=\"noindex, follow, max-snippet:-1, max-image-preview:large, max-video-preview:-1\" \/>\n<meta property=\"og:locale\" content=\"fr_FR\" \/>\n<meta property=\"og:type\" content=\"article\" \/>\n<meta property=\"og:title\" content=\"Contacts - Infirmiere\" \/>\n<meta property=\"og:description\" content=\"Des renseignements sur votre contrat, votre facture, un SAV lecteur : 04 92 914 917 &#8211; administratif@topaze.com Des renseignements sur la formation, prendre un rendez-vous : 04 92 914 914 &#8211; uniquement par t\u00e9l\u00e9phone Des renseignements pour faire \u00e9voluer votre logiciel ou votre mat\u00e9riel: 04 92 914 914 &#8211; conseil@topaze.com Des questions concernant votre logiciel, [&hellip;]\" \/>\n<meta property=\"og:url\" content=\"https:\/\/www.journal.topaze.com\/infirmiere\/contacts-1\/\" \/>\n<meta property=\"og:site_name\" content=\"Infirmiere\" \/>\n<meta property=\"article:modified_time\" content=\"2025-03-27T09:58:42+00:00\" \/>\n<meta property=\"og:image\" content=\"https:\/\/www.journal.topaze.com\/infirmiere\/wp-content\/uploads\/sites\/9\/2019\/03\/bandeau_contact-1-1024x214.jpg\" \/>\n<meta name=\"twitter:card\" content=\"summary_large_image\" \/>\n<meta name=\"twitter:label1\" content=\"Dur\u00e9e de lecture estim\u00e9e\" \/>\n\t<meta name=\"twitter:data1\" content=\"1 minute\" \/>\n<script type=\"application\/ld+json\" class=\"yoast-schema-graph\">{\"@context\":\"https:\/\/schema.org\",\"@graph\":[{\"@type\":\"WebPage\",\"@id\":\"https:\/\/www.journal.topaze.com\/infirmiere\/contacts-1\/\",\"url\":\"https:\/\/www.journal.topaze.com\/infirmiere\/contacts-1\/\",\"name\":\"Contacts - Infirmiere\",\"isPartOf\":{\"@id\":\"https:\/\/www.journal.topaze.com\/infirmiere\/#website\"},\"primaryImageOfPage\":{\"@id\":\"https:\/\/www.journal.topaze.com\/infirmiere\/contacts-1\/#primaryimage\"},\"image\":{\"@id\":\"https:\/\/www.journal.topaze.com\/infirmiere\/contacts-1\/#primaryimage\"},\"thumbnailUrl\":\"https:\/\/www.journal.topaze.com\/infirmiere\/wp-content\/uploads\/sites\/9\/2019\/03\/bandeau_contact-1-1024x214.jpg\",\"datePublished\":\"2019-03-20T10:33:15+00:00\",\"dateModified\":\"2025-03-27T09:58:42+00:00\",\"breadcrumb\":{\"@id\":\"https:\/\/www.journal.topaze.com\/infirmiere\/contacts-1\/#breadcrumb\"},\"inLanguage\":\"fr-FR\",\"potentialAction\":[{\"@type\":\"ReadAction\",\"target\":[\"https:\/\/www.journal.topaze.com\/infirmiere\/contacts-1\/\"]}]},{\"@type\":\"ImageObject\",\"inLanguage\":\"fr-FR\",\"@id\":\"https:\/\/www.journal.topaze.com\/infirmiere\/contacts-1\/#primaryimage\",\"url\":\"https:\/\/www.journal.topaze.com\/infirmiere\/wp-content\/uploads\/sites\/9\/2019\/03\/bandeau_contact-1.jpg\",\"contentUrl\":\"https:\/\/www.journal.topaze.com\/infirmiere\/wp-content\/uploads\/sites\/9\/2019\/03\/bandeau_contact-1.jpg\",\"width\":1928,\"height\":403},{\"@type\":\"BreadcrumbList\",\"@id\":\"https:\/\/www.journal.topaze.com\/infirmiere\/contacts-1\/#breadcrumb\",\"itemListElement\":[{\"@type\":\"ListItem\",\"position\":1,\"name\":\"Accueil\",\"item\":\"https:\/\/www.journal.topaze.com\/infirmiere\/\"},{\"@type\":\"ListItem\",\"position\":2,\"name\":\"Contacts\"}]},{\"@type\":\"WebSite\",\"@id\":\"https:\/\/www.journal.topaze.com\/infirmiere\/#website\",\"url\":\"https:\/\/www.journal.topaze.com\/infirmiere\/\",\"name\":\"Infirmiere\",\"description\":\"\",\"potentialAction\":[{\"@type\":\"SearchAction\",\"target\":{\"@type\":\"EntryPoint\",\"urlTemplate\":\"https:\/\/www.journal.topaze.com\/infirmiere\/?s={search_term_string}\"},\"query-input\":{\"@type\":\"PropertyValueSpecification\",\"valueRequired\":true,\"valueName\":\"search_term_string\"}}],\"inLanguage\":\"fr-FR\"}]}<\/script>\n<!-- \/ Yoast SEO plugin. -->","yoast_head_json":{"title":"Contacts - Infirmiere","robots":{"index":"noindex","follow":"follow","max-snippet":"max-snippet:-1","max-image-preview":"max-image-preview:large","max-video-preview":"max-video-preview:-1"},"og_locale":"fr_FR","og_type":"article","og_title":"Contacts - Infirmiere","og_description":"Des renseignements sur votre contrat, votre facture, un SAV lecteur : 04 92 914 917 &#8211; administratif@topaze.com Des renseignements sur la formation, prendre un rendez-vous : 04 92 914 914 &#8211; uniquement par t\u00e9l\u00e9phone Des renseignements pour faire \u00e9voluer votre logiciel ou votre mat\u00e9riel: 04 92 914 914 &#8211; conseil@topaze.com Des questions concernant votre logiciel, [&hellip;]","og_url":"https:\/\/www.journal.topaze.com\/infirmiere\/contacts-1\/","og_site_name":"Infirmiere","article_modified_time":"2025-03-27T09:58:42+00:00","og_image":[{"url":"https:\/\/www.journal.topaze.com\/infirmiere\/wp-content\/uploads\/sites\/9\/2019\/03\/bandeau_contact-1-1024x214.jpg","type":"","width":"","height":""}],"twitter_card":"summary_large_image","twitter_misc":{"Dur\u00e9e de lecture estim\u00e9e":"1 minute"},"schema":{"@context":"https:\/\/schema.org","@graph":[{"@type":"WebPage","@id":"https:\/\/www.journal.topaze.com\/infirmiere\/contacts-1\/","url":"https:\/\/www.journal.topaze.com\/infirmiere\/contacts-1\/","name":"Contacts - Infirmiere","isPartOf":{"@id":"https:\/\/www.journal.topaze.com\/infirmiere\/#website"},"primaryImageOfPage":{"@id":"https:\/\/www.journal.topaze.com\/infirmiere\/contacts-1\/#primaryimage"},"image":{"@id":"https:\/\/www.journal.topaze.com\/infirmiere\/contacts-1\/#primaryimage"},"thumbnailUrl":"https:\/\/www.journal.topaze.com\/infirmiere\/wp-content\/uploads\/sites\/9\/2019\/03\/bandeau_contact-1-1024x214.jpg","datePublished":"2019-03-20T10:33:15+00:00","dateModified":"2025-03-27T09:58:42+00:00","breadcrumb":{"@id":"https:\/\/www.journal.topaze.com\/infirmiere\/contacts-1\/#breadcrumb"},"inLanguage":"fr-FR","potentialAction":[{"@type":"ReadAction","target":["https:\/\/www.journal.topaze.com\/infirmiere\/contacts-1\/"]}]},{"@type":"ImageObject","inLanguage":"fr-FR","@id":"https:\/\/www.journal.topaze.com\/infirmiere\/contacts-1\/#primaryimage","url":"https:\/\/www.journal.topaze.com\/infirmiere\/wp-content\/uploads\/sites\/9\/2019\/03\/bandeau_contact-1.jpg","contentUrl":"https:\/\/www.journal.topaze.com\/infirmiere\/wp-content\/uploads\/sites\/9\/2019\/03\/bandeau_contact-1.jpg","width":1928,"height":403},{"@type":"BreadcrumbList","@id":"https:\/\/www.journal.topaze.com\/infirmiere\/contacts-1\/#breadcrumb","itemListElement":[{"@type":"ListItem","position":1,"name":"Accueil","item":"https:\/\/www.journal.topaze.com\/infirmiere\/"},{"@type":"ListItem","position":2,"name":"Contacts"}]},{"@type":"WebSite","@id":"https:\/\/www.journal.topaze.com\/infirmiere\/#website","url":"https:\/\/www.journal.topaze.com\/infirmiere\/","name":"Infirmiere","description":"","potentialAction":[{"@type":"SearchAction","target":{"@type":"EntryPoint","urlTemplate":"https:\/\/www.journal.topaze.com\/infirmiere\/?s={search_term_string}"},"query-input":{"@type":"PropertyValueSpecification","valueRequired":true,"valueName":"search_term_string"}}],"inLanguage":"fr-FR"}]}},"_links":{"self":[{"href":"https:\/\/www.journal.topaze.com\/infirmiere\/wp-json\/wp\/v2\/pages\/9758","targetHints":{"allow":["GET"]}}],"collection":[{"href":"https:\/\/www.journal.topaze.com\/infirmiere\/wp-json\/wp\/v2\/pages"}],"about":[{"href":"https:\/\/www.journal.topaze.com\/infirmiere\/wp-json\/wp\/v2\/types\/page"}],"author":[{"embeddable":true,"href":"https:\/\/www.journal.topaze.com\/infirmiere\/wp-json\/wp\/v2\/users\/9"}],"replies":[{"embeddable":true,"href":"https:\/\/www.journal.topaze.com\/infirmiere\/wp-json\/wp\/v2\/comments?post=9758"}],"version-history":[{"count":12,"href":"https:\/\/www.journal.topaze.com\/infirmiere\/wp-json\/wp\/v2\/pages\/9758\/revisions"}],"predecessor-version":[{"id":13126,"href":"https:\/\/www.journal.topaze.com\/infirmiere\/wp-json\/wp\/v2\/pages\/9758\/revisions\/13126"}],"wp:attachment":[{"href":"https:\/\/www.journal.topaze.com\/infirmiere\/wp-json\/wp\/v2\/media?parent=9758"}],"curies":[{"name":"wp","href":"https:\/\/api.w.org\/{rel}","templated":true}]}}